{"id":95,"date":"2023-06-16T11:31:23","date_gmt":"2023-06-16T09:31:23","guid":{"rendered":"https:\/\/icspcs.io.pbs.edu.pl\/?page_id=95"},"modified":"2023-07-21T13:35:07","modified_gmt":"2023-07-21T11:35:07","slug":"program","status":"publish","type":"page","link":"https:\/\/icspcs.io.pbs.edu.pl\/?page_id=95","title":{"rendered":"Program"},"content":{"rendered":"<p>[et_pb_section fb_built=&#8221;1&#8243; _builder_version=&#8221;4.6.0&#8243; _module_preset=&#8221;default&#8221;][et_pb_row _builder_version=&#8221;4.6.0&#8243; _module_preset=&#8221;default&#8221; hover_enabled=&#8221;0&#8243; sticky_enabled=&#8221;0&#8243;][et_pb_column _builder_version=&#8221;4.6.0&#8243; _module_preset=&#8221;default&#8221; type=&#8221;4_4&#8243;][et_pb_text _builder_version=&#8221;4.6.0&#8243; _module_preset=&#8221;default&#8221; hover_enabled=&#8221;0&#8243; sticky_enabled=&#8221;0&#8243;]<\/p>\n<table style=\"width: 1013px;\" height=\"944\">\n<tbody>\n<tr>\n<td style=\"width: 165.75px;\">Warsaw time<\/td>\n<td style=\"width: 284.938px;\">Wednesday, September 6<\/td>\n<td style=\"width: 255.25px;\">Thursday, September 7<\/td>\n<td style=\"width: 306.263px;\">Friday, September 8<\/td>\n<\/tr>\n<tr>\n<td style=\"width: 165.75px;\">9:00 \u2011 9:05<\/td>\n<td style=\"width: 284.938px;\"><em>Conference Opening<\/em><\/td>\n<td style=\"width: 255.25px;\"><\/td>\n<td rowspan=\"4\" style=\"width: 306.263px;\"><span><em>Joint Communications and Sensing in Fiber-Optic Access Networks &#8211; State of the Art<\/em><\/span><\/td>\n<\/tr>\n<tr>\n<td style=\"width: 165.75px;\">9:05 \u2011 9:10<\/td>\n<td style=\"width: 284.938px;\"><\/td>\n<td style=\"width: 255.25px;\"><\/td>\n<\/tr>\n<tr>\n<td style=\"width: 165.75px;\">9:10 \u2011 9:30<\/td>\n<td rowspan=\"4\" style=\"width: 284.938px;\"><em>Modulation and Coding<\/em><\/td>\n<td style=\"width: 255.25px;\"><\/td>\n<\/tr>\n<tr>\n<td style=\"width: 165.75px;\">9:30 \u2011 9:45<\/td>\n<td rowspan=\"3\" style=\"width: 255.25px;\"><span><em>Keynote Lecture 1: Reconfigurable intelligent surfaces for 6G wireless communications: principles, selected use cases, and challenges<\/em><\/span><\/td>\n<\/tr>\n<tr>\n<td style=\"width: 165.75px;\">9:45 \u2011 9:50<\/td>\n<td style=\"width: 306.263px;\"><\/td>\n<\/tr>\n<tr>\n<td style=\"width: 165.75px;\">9:50 \u2011 10:30<\/td>\n<td rowspan=\"2\" style=\"width: 306.263px;\"><span><em>Signal Processing for Multimedia and Communication<\/em><\/span><\/td>\n<\/tr>\n<tr>\n<td style=\"width: 165.75px;\">10:30 \u2011 10:35<\/td>\n<td rowspan=\"2\" style=\"width: 284.938px;\"><span><em>Coffee Break<\/em><\/span><\/td>\n<td style=\"width: 255.25px;\"><\/td>\n<\/tr>\n<tr>\n<td style=\"width: 165.75px;\">10:35 \u2011 11:00<\/td>\n<td style=\"width: 255.25px;\"><\/td>\n<td style=\"width: 306.263px;\"><span><em>Coffee Break<\/em><\/span><\/td>\n<\/tr>\n<tr>\n<td style=\"width: 165.75px;\">11:00 \u2011 12:30<\/td>\n<td style=\"width: 284.938px;\"><em>Communication Networks &#8211; 1<\/em><\/td>\n<td style=\"width: 255.25px;\"><span><em>Localization and UAVs<\/em><\/span><\/td>\n<td style=\"width: 306.263px;\"><span><em>Detection and Estimation<\/em><\/span><\/td>\n<\/tr>\n<tr>\n<td style=\"width: 165.75px;\">12:30 \u2011 13:30<\/td>\n<td style=\"width: 284.938px;\"><span><em>Lunch<\/em><\/span><\/td>\n<td style=\"width: 255.25px;\"><span><em>Lunch<\/em><\/span><\/td>\n<td style=\"width: 306.263px;\"><\/td>\n<\/tr>\n<tr>\n<td style=\"width: 165.75px;\">13:30 \u2011 15:00<\/td>\n<td style=\"width: 284.938px;\"><span><em>Network Security<\/em><\/span><\/td>\n<td style=\"width: 255.25px;\"><span><em>Implementation<\/em><\/span><\/td>\n<td style=\"width: 306.263px;\"><\/td>\n<\/tr>\n<tr>\n<td style=\"width: 165.75px;\">15:00 \u2011 15:30<\/td>\n<td style=\"width: 284.938px;\"><span><em>Coffee Break<\/em><\/span><\/td>\n<td style=\"width: 255.25px;\"><em>Coffee Break<\/em><\/td>\n<td style=\"width: 306.263px;\"><\/td>\n<\/tr>\n<tr>\n<td style=\"width: 165.75px;\">15:30 \u2011 17:00<\/td>\n<td style=\"width: 284.938px;\"><em>Novel Applications of Signal Processing and AI<\/em><\/td>\n<td style=\"width: 255.25px;\"><\/td>\n<td style=\"width: 306.263px;\"><\/td>\n<\/tr>\n<\/tbody>\n<\/table>\n<p><strong>Wednesday, September 6<\/strong><\/p>\n<p><strong>Wednesday, September 6 9:00 &#8211; 9:05 (Europe\/Warsaw)<\/strong><\/p>\n<p><strong>Conference Opening<\/strong><\/p>\n<p>Prof. Tomasz Talaska, Bydgoszcz University of Science and Technology<\/p>\n<p><strong>Wednesday, September 6 9:10 &#8211; 10:30 (Europe\/Warsaw)<\/strong><\/p>\n<p><strong>Modulation and Coding<\/strong><\/p>\n<p>9:10 <em>OTFS Modulation for Non-Terrestrial Networks: Concepts, Applications, Benefits, and Challenges<\/em><\/p>\n<p>Thi My Chinh Chu and Hans-Juergen Zepernick (Blekinge Institute of Technology, Sweden); Anders H\u00f6\u00f6k (SAAB AB, Sweden); Alexander Westerhagen (Saabgroup, Sweden); Bo Granbom (Saab AB, Sweden)<\/p>\n<p>9:30 <em>Binary error probability of a very high data rate, amplitude modulated, communication system affected by timing jitter<\/em><\/p>\n<p>Paul Miqueu (CNRS &amp; Gipsa-Lab, France); Laurent Ros (GIPSA-lab &amp; INPG &amp; CNRS organisation, France); Jean-Marc Brossier (GIPSA-lab\/DIS &#8211; BP 46 Saint-Martin-d&#8217;H\u00e8res, France); Fabrice Belv\u00e8ze (ST-Microelectronics, France)<\/p>\n<p>9:50 <em>Turbo-DC-FPSK: a joint turbo coding and FPSK based modulation scheme adapted to optical wireless communications<\/em><\/p>\n<p>Paul Miqueu (CNRS &amp; Gipsa-Lab, France); Yannis Le Guennec (Gipsa-Lab, France); Laurent Ros (GIPSA-lab &amp; INPG &amp; CNRS organisation, France); Muhammad Jehangir Khan (Universit\u00e9 Grenoble Alpes, CNRS, Grenoble INP, GIPSA-Lab, France)<\/p>\n<p>10:10 <em>Precoding to Reduce Complexity of Factor Graph for MIMO-SCMA<\/em><\/p>\n<p>Kazushi Takada and Takahiko Saba (Chiba Institute of Technology, Japan)<\/p>\n<p><strong>Wednesday, September 6 10:30 &#8211; 11:00 (Europe\/Warsaw)<\/strong><\/p>\n<p><strong>Coffee Break<\/strong><\/p>\n<p><strong>Wednesday, September 6 11:00 &#8211; 12:30 (Europe\/Warsaw)<\/strong><\/p>\n<p><strong>Communication Networks &#8211; 1<\/strong><\/p>\n<p>11:00 <em>Improvements to data reconstruction in IoT sensor networks under realistic conditions<\/em><\/p>\n<p>Piotr Cofta and Romana Antczak-Jarz\u0105bska (WSB Merito University in Gda\u0144sk, Poland)<\/p>\n<p>11:22 <em>The infeasibility of using reference nodes in reputation-based IoT sensor networks<\/em><\/p>\n<p>Piotr Cofta (WSB Merito University in Gda\u0144sk, Poland); Beata Marciniak (Bydgoszcz University of Science and Technology, Poland)<\/p>\n<p>11:45 <em>Throughput Slopes Prediction in 5G Networks with Gaussian Regression Process<\/em><\/p>\n<p>Marcello G. Costa (Instituto Tecnol\u00f3gico de Aeron\u00e1utica, Brazil); Dauda Olayinka Ayanda (Sidia Institute of Science and Technology, Brazil); Bruno S\u00e1tiro Silva and D\u00e9rcio M. Mate (SIDIA Institute of Science and Technology, Brazil); Alvaro Ortega (Sidia Institute of Science and Technology, Brazil)<\/p>\n<p>12:07 <em>Explainable Fault Analysis in Mobile Networks: A SHAP-based Supervised Clustering Approach<\/em><\/p>\n<p>Madalena Cil\u00ednio (CELFINET, Portugal); M\u00e1rcio Pereira (Celfinet, Portugal); David Duarte (Instituto de Telecomunicacoes and CELFINET, Consultoria em Telecomunicacoes, Lda., Portugal); Lu\u00eds Miguel Mata (Instituto Superior T\u00e9cnico &amp; Instituto Superior de Engenharia de Lisboa, Portugal); Pedro Vieira (Instituto de Telecomunica\u00e7\u00f5es \/ ISEL, Portugal)<\/p>\n<p><strong>Wednesday, September 6 12:30 &#8211; 13:30 (Europe\/Warsaw)<\/strong><\/p>\n<p><strong>Lunch<\/strong><\/p>\n<p><strong>Wednesday, September 6 13:30 &#8211; 15:00 (Europe\/Warsaw)<\/strong><\/p>\n<p><strong>Network Security<\/strong><\/p>\n<p>13:30 <em>ESPuF &#8211; Enabling SRAM PUFs on Commodity Hardware<\/em><\/p>\n<p>Julian Dreyer (University of Applied Sciences Osnabrueck, Germany); Ralf T\u00f6njes (University of Applied Sciences Osnabr\u00fcck, Germany); Nils Aschenbruck (Osnabr\u00fcck University, Germany)<\/p>\n<p>13:52 <em>Distributed Neural Network-Based DDoS Detection in Vehicular Communication Systems<\/em><\/p>\n<p>Nicholas Jaton (University of Nebraska-Lincoln, USA); Sohan Gyawali (East Carolina University, USA); Yi Qian (University of Nebraska &#8211; Lincoln, USA)<\/p>\n<p>14:15 <em>Vulnerability Identification of Operational Technology Protocol Specifications Through Formal Modeling<\/em><\/p>\n<p>Matthew Boeding and Michael Hempel (University of Nebraska-Lincoln, USA); Hamid Sharif (University of Nebraska-Linkoln, USA)<\/p>\n<p>14:37 <em>A Markovian Model of Dynamic Cyber Risk Assessment Based on Questionnaires<\/em><\/p>\n<p>Andrzej Karbowski (Research and Academic Computer Network NASK &amp; Warsaw University of Technology, Poland); Przemys\u0142aw Jask\u00f3\u0142a (Research and Academic Computer Network NASK, Poland)<\/p>\n<p><strong>Wednesday, September 6 15:00 &#8211; 15:30 (Europe\/Warsaw)<\/strong><\/p>\n<p><strong>Coffee Break<\/strong><\/p>\n<p><strong>Wednesday, September 6 15:30 &#8211; 17:00 (Europe\/Warsaw)<\/strong><\/p>\n<p><strong>Novel Applications of Signal Processing and AI<\/strong><\/p>\n<p>15:30 <em>EUR\/USD Forex Market Prices Prediction Using MLP<\/em><\/p>\n<p>Roger Achkar, Gaby H Abou Haidar and Raed Diab (American University of Science and Technology, Lebanon); Alain Nohra (Aust, Lebanon); Ahmad Atwi (American University of Science and Technology, Lebanon)<\/p>\n<p>15:52 <em>Evaluation of ChatGPT Applicability to Learning Quantum Physics<\/em><\/p>\n<p>Agata Stefa\u0144ska (Gda\u0144sk University of Technology, Poland); Tomasz P Stefanski (Gdansk University of Technology, Poland); Micha\u0142 Czubenko (Gda\u0144sk University of Technology, Poland)<\/p>\n<p>16:15 <em>An end-to-end Approach to a Reinforcement Learning in Transport Logistics<\/em><\/p>\n<p>Mohammed Ibrahim El-hajj (Twente University, The Netherlands); Nerea Ramon Gomez (Van Lanschot Kempen, The Netherlands)<\/p>\n<p>16:37 <em>Detecting Buying and Selling Territories in the Foreign Currency Exchange Market<\/em><\/p>\n<p>Tuba Islam and Konstantin Kapinchev (University of Greenwich, United Kingdom (Great Britain))<\/p>\n<p><strong>Thursday, September 7<\/strong><\/p>\n<p><strong>Thursday, September 7 9:30 &#8211; 10:30 (Europe\/Warsaw)<\/strong><\/p>\n<p><strong>Keynote Lecture 1: Reconfigurable intelligent surfaces for 6G wireless communications: principles, selected use cases, and challenges<\/strong><\/p>\n<p>Dr. Pawe\u0142 Sroka, Pozna\u0144 University of Technology, Poland<\/p>\n<p><strong>Thursday, September 7 11:00 &#8211; 12:30 (Europe\/Warsaw)<\/strong><\/p>\n<p><strong>Localization and UAVs<\/strong><\/p>\n<p>11:00 <em>The Trimmed LASSO for Direction of Arrival Estimation by the Generalized Soft-Min Penalty<\/em><\/p>\n<p>Longxin Bai, Jingchao Zhang, Meiyu Fan and Liyan Qiao (Harbin Institute of Technology, China)<\/p>\n<p>11:22 <em>Impact of carrier frequency offset and phase noise on the steering vector for 3D drone localization based on angle of arrival (AOA)<\/em><\/p>\n<p>Mehari Meles, Akash Rajasekaran, Lauri Mela, Kalle Ruttik and Riku J\u00e4ntti (Aalto University, Finland)<\/p>\n<p>11:45 <em>On Target Detection in the Presence of Clutter in Joint Communication and Sensing Cellular Networks<\/em><\/p>\n<p>Julia Vinogradova (Ericsson Research, Finland); Gabor Fodor (Ericsson Research &amp; Royal Institute of Technology (KTH), Sweden)<\/p>\n<p>12:07 <em>Joint Optimization of User Scheduling, Flight Path and Power Allocation in A UAV-Enabled Communication System<\/em><\/p>\n<p>Lipei Liu, Rugui Yao, Ye Fan and Xiaoya Zuo (Northwestern Polytechnical University, China); Juan Xu (Chang&#8217;an University, China); Lin Yu and Peng Wang (Northwestern Polytechnical University, China); Xudong Li (School of Electronics and Information, Northwestern Polytechnical University, China)<\/p>\n<p><strong>Thursday, September 7 12:30 &#8211; 13:30 (Europe\/Warsaw)<\/strong><\/p>\n<p><strong>Lunch<\/strong><\/p>\n<p><strong>Thursday, September 7 13:30 &#8211; 15:00 (Europe\/Warsaw)<\/strong><\/p>\n<p><strong>Implementation<\/strong><\/p>\n<p>13:30 <em>Towards Low-Complexity, Fully Parallel and Flexible Hardware Realization of DCT\/IDCT<\/em><\/p>\n<p>Mojtaba Mahdavi (Ericsson, Sweden)<\/p>\n<p>13:52 <em>VDSL Single Ended Line Test baselining with Uncalibrated Echo Response data<\/em><\/p>\n<p>Feiyu Fang and Lykourgos Kekempanos (BT Group, United Kingdom (Great Britain))<\/p>\n<p>14:15 <em>VDSL fault detection using Single Ended Line Test Uncalibrated Echo Response data<\/em><\/p>\n<p>Feiyu Fang and Lykourgos Kekempanos (BT Group, United Kingdom (Great Britain))<\/p>\n<p>14:37 <em>Radio Environment Model for High-Fidelity Simulator of Mobile Ad Hoc Networks with Dynamic Spectrum Management<\/em><\/p>\n<p>Jerzy \u0141opatka, Anna Kaszuba-Checinska and Radoslaw Checinski (Military University of Technology, Poland)<\/p>\n<p><strong>Thursday, September 7 15:00 &#8211; 15:30 (Europe\/Warsaw)<\/strong><\/p>\n<p><strong>Coffee Break<\/strong><\/p>\n<p><strong>Friday, September 8<\/strong><\/p>\n<p><strong>Friday, September 8 9:00 &#8211; 9:45 (Europe\/Warsaw)<\/strong><\/p>\n<p><strong>Joint Communications and Sensing in Fiber-Optic Access Networks &#8211; State of the Art<\/strong><\/p>\n<p>Dr. Patryk. J. Urban, West Pomeranian University of Technology in Szczecin, Poland<\/p>\n<p><strong>Friday, September 8 9:50 &#8211; 10:35 (Europe\/Warsaw)<\/strong><\/p>\n<p><strong>Signal Processing for Multimedia and Communication<\/strong><\/p>\n<p>9:50 <em>ACR360: A Dataset on Subjective 360<\/em><\/p>\n<p><em>Video Quality Assessment for ACR Methods<\/em><\/p>\n<p>Majed Elwardy, Hans-Juergen Zepernick, Yan Hu and Thi My Chinh Chu (Blekinge Institute of Technology, Sweden)<\/p>\n<p>10:12 <em>Balancing transmission properties in regular and irregular graph-based networks by controlling transmission resources<\/em><\/p>\n<p>Slawomir Bujnowski (UTP University of Science and Technology, Poland); Zbigniew Lutowski (Bydgoszcz University of Science and Technology, Poland); Adam Flizikowski (University of Science and Technology, Poland)<\/p>\n<p><strong>Friday, September 8 10:35 &#8211; 11:00 (Europe\/Warsaw)<\/strong><\/p>\n<p><strong>Coffee Break<\/strong><\/p>\n<p><strong>Friday, September 8 11:00 &#8211; 12:30 (Europe\/Warsaw)<\/strong><\/p>\n<p><strong>Detection and Estimation<\/strong><\/p>\n<p>11:00 <em>Remodelled and Reduced complexity-OMP-based Channel Estimation Schemes for Intelligent Reflecting Surface-Aided Millimeter Wave Systems<\/em><\/p>\n<p>Olutayo O. Oyerinde (University of the Witwatersrand, South Africa); Adam Flizikowski (University of Science and Technology, Poland); Tomasz Marciniak (Bydgoszcz University of Science and Technology &amp; U1111, Poland)<\/p>\n<p>11:30 <em>Automated Identification of BBR Traffic based on Packet Inter-Arrival Times Analysis<\/em><\/p>\n<p>Ziad Tlaiss (IMT Atlantique, France); Alexandre Ferrieux (Orange Labs, France); Isabel Amigo (IMT Atlantique, France); Isabelle Hamchaoui (Orange Labs, France); Sandrine Vaton (IMT Atlantique, France)<\/p>\n<p>12:00 <em>Packet Too Big Detection and its Integration into QUIC<\/em><\/p>\n<p>Timo V\u00f6lker (FH M\u00fcnster University of Applied Sciences, Germany); Michael T\u00fcxen (M\u00fcnster University of Applied Sciences, Germany)<\/p>\n<p><span>\u00a0<\/span><\/p>\n<p>[\/et_pb_text][\/et_pb_column][\/et_pb_row][\/et_pb_section]<\/p>\n","protected":false},"excerpt":{"rendered":"<p>[et_pb_section fb_built=&#8221;1&#8243; _builder_version=&#8221;4.6.0&#8243; _module_preset=&#8221;default&#8221;][et_pb_row _builder_version=&#8221;4.6.0&#8243; _module_preset=&#8221;default&#8221; hover_enabled=&#8221;0&#8243; sticky_enabled=&#8221;0&#8243;][et_pb_column _builder_version=&#8221;4.6.0&#8243; _module_preset=&#8221;default&#8221; type=&#8221;4_4&#8243;][et_pb_text _builder_version=&#8221;4.6.0&#8243; _module_preset=&#8221;default&#8221; hover_enabled=&#8221;0&#8243; sticky_enabled=&#8221;0&#8243;] Warsaw time Wednesday, September 6 Thursday, September 7 Friday, September 8 9:00 \u2011 9:05 Conference Opening Joint Communications and Sensing in Fiber-Optic Access Networks &#8211; State of the Art 9:05 \u2011 9:10 9:10 \u2011 9:30 Modulation and Coding 9:30 \u2011 [&hellip;]<\/p>\n","protected":false},"author":1,"featured_media":0,"parent":0,"menu_order":0,"comment_status":"closed","ping_status":"closed","template":"","meta":{"_et_pb_use_builder":"on","_et_pb_old_content":"<!-- wp:file \/-->","_et_gb_content_width":""},"_links":{"self":[{"href":"https:\/\/icspcs.io.pbs.edu.pl\/index.php?rest_route=\/wp\/v2\/pages\/95"}],"collection":[{"href":"https:\/\/icspcs.io.pbs.edu.pl\/index.php?rest_route=\/wp\/v2\/pages"}],"about":[{"href":"https:\/\/icspcs.io.pbs.edu.pl\/index.php?rest_route=\/wp\/v2\/types\/page"}],"author":[{"embeddable":true,"href":"https:\/\/icspcs.io.pbs.edu.pl\/index.php?rest_route=\/wp\/v2\/users\/1"}],"replies":[{"embeddable":true,"href":"https:\/\/icspcs.io.pbs.edu.pl\/index.php?rest_route=%2Fwp%2Fv2%2Fcomments&post=95"}],"version-history":[{"count":59,"href":"https:\/\/icspcs.io.pbs.edu.pl\/index.php?rest_route=\/wp\/v2\/pages\/95\/revisions"}],"predecessor-version":[{"id":187,"href":"https:\/\/icspcs.io.pbs.edu.pl\/index.php?rest_route=\/wp\/v2\/pages\/95\/revisions\/187"}],"wp:attachment":[{"href":"https:\/\/icspcs.io.pbs.edu.pl\/index.php?rest_route=%2Fwp%2Fv2%2Fmedia&parent=95"}],"curies":[{"name":"wp","href":"https:\/\/api.w.org\/{rel}","templated":true}]}}